{"id":892,"date":"2026-01-07T21:08:53","date_gmt":"2026-01-07T20:08:53","guid":{"rendered":"https:\/\/raday32.coredesign.hu\/?page_id=892"},"modified":"2026-01-07T21:18:37","modified_gmt":"2026-01-07T20:18:37","slug":"feherites","status":"publish","type":"page","link":"https:\/\/raday32.coredesign.hu\/en\/kezelesek\/feherites\/","title":{"rendered":"Tooth Whitening"},"content":{"rendered":"<div data-elementor-type=\"wp-page\" data-elementor-id=\"892\" class=\"elementor elementor-892\" data-elementor-post-type=\"page\">\n\t\t\t\t<div class=\"elementor-element elementor-element-586f4df9 e-flex e-con-boxed e-con e-parent\" data-id=\"586f4df9\" data-element_type=\"container\" data-settings=\"{&quot;background_background&quot;:&quot;classic&quot;}\">\n\t\t\t\t\t<div class=\"e-con-inner\">\n\t\t\t\t<div class=\"elementor-element elementor-element-13bbcdaa elementor-widget elementor-widget-heading\" data-id=\"13bbcdaa\" data-element_type=\"widget\" data-widget_type=\"heading.default\">\n\t\t\t\t<div class=\"elementor-widget-container\">\n\t\t\t\t\t<h1 class=\"elementor-heading-title elementor-size-default\">Tooth Whitening<br>\n<span style=\"font-size:16px;color: #007056\">with the U.S.A's leading teeth whitening system<\/span><\/h1>\t\t\t\t<\/div>\n\t\t\t\t<\/div>\n\t\t\t\t<div class=\"elementor-element elementor-element-d0918bb elementor-widget elementor-widget-heading\" data-id=\"d0918bb\" data-element_type=\"widget\" data-widget_type=\"heading.default\">\n\t\t\t\t<div class=\"elementor-widget-container\">\n\t\t\t\t\t<div class=\"elementor-heading-title elementor-size-default\">Kezel\u00e9sek &gt; Fogfeh\u00e9r\u00edt\u00e9s<\/div>\t\t\t\t<\/div>\n\t\t\t\t<\/div>\n\t\t\t\t\t<\/div>\n\t\t\t\t<\/div>\n\t\t<div class=\"elementor-element elementor-element-1c1f6c05 e-flex e-con-boxed e-con e-parent\" data-id=\"1c1f6c05\" data-element_type=\"container\">\n\t\t\t\t\t<div class=\"e-con-inner\">\n\t\t\t\t<div class=\"elementor-element elementor-element-621f2940 elementor-widget__width-inherit elementor-widget elementor-widget-text-editor\" data-id=\"621f2940\" data-element_type=\"widget\" data-widget_type=\"text-editor.default\">\n\t\t\t\t<div class=\"elementor-widget-container\">\n\t\t\t\t\t\t\t\t\t<p>Tooth whitening is of real value to you if you want more beautiful and visibly whiter teeth. The need for tooth whitening is growing among our patients, as the expectations of our environment are increasing, and it is difficult to keep up with those neglected or discolored teeth.<\/p><div id=\"lt-accessibility-devtools\" aria-hidden=\"true\">\u00a0<\/div>\t\t\t\t\t\t\t\t<\/div>\n\t\t\t\t<\/div>\n\t\t\t\t<div class=\"elementor-element elementor-element-88e4057 elementor-widget__width-inherit elementor-widget elementor-widget-text-editor\" data-id=\"88e4057\" data-element_type=\"widget\" data-widget_type=\"text-editor.default\">\n\t\t\t\t<div class=\"elementor-widget-container\">\n\t\t\t\t\t\t\t\t\t<p><strong>How can tooth whitening be safe and effective for you?<\/strong><\/p><div id=\"lt-accessibility-devtools\" aria-hidden=\"true\">\u00a0<\/div>\t\t\t\t\t\t\t\t<\/div>\n\t\t\t\t<\/div>\n\t\t\t\t<div class=\"elementor-element elementor-element-4637de3 elementor-widget__width-initial elementor-widget-mobile__width-inherit elementor-widget-tablet__width-inherit elementor-widget elementor-widget-image\" data-id=\"4637de3\" data-element_type=\"widget\" data-widget_type=\"image.default\">\n\t\t\t\t<div class=\"elementor-widget-container\">\n\t\t\t\t\t\t\t\t\t\t\t\t\t\t\t<img fetchpriority=\"high\" decoding=\"async\" width=\"800\" height=\"532\" src=\"https:\/\/raday32.coredesign.hu\/wp-content\/uploads\/2026\/01\/feher3.jpg\" class=\"attachment-large size-large wp-image-896\" alt=\"\" srcset=\"https:\/\/raday32.coredesign.hu\/wp-content\/uploads\/2026\/01\/feher3.jpg 1000w, https:\/\/raday32.coredesign.hu\/wp-content\/uploads\/2026\/01\/feher3-300x200.jpg 300w, https:\/\/raday32.coredesign.hu\/wp-content\/uploads\/2026\/01\/feher3-768x511.jpg 768w\" sizes=\"(max-width: 800px) 100vw, 800px\" \/>\t\t\t\t\t\t\t\t\t\t\t\t\t\t\t<\/div>\n\t\t\t\t<\/div>\n\t\t\t\t<div class=\"elementor-element elementor-element-75f6753d elementor-widget__width-initial elementor-widget-tablet__width-inherit elementor-widget elementor-widget-text-editor\" data-id=\"75f6753d\" data-element_type=\"widget\" data-widget_type=\"text-editor.default\">\n\t\t\t\t<div class=\"elementor-widget-container\">\n\t\t\t\t\t\t\t\t\t<p>Tooth whitening is a safe procedure when performed by competent hands. Tooth whitening has the essential ingredients for a long-lasting and spectacular result:<\/p><ul><li>A dentist or dental hygienist with extensive professional experience who regularly performs successful whitening procedures<\/li><li>A gentle but effective whitening agent (gel) that whitens teeth by 5-8 shades<\/li><li>Advanced technology, i.e.\u00a0<strong>Beyond II Ultra<\/strong>\u00a0, the\u00a0<strong>U.S.A.'s leading tooth whitening system<\/strong>\u00a0greatly enhances the effect of the whitening gel<\/li><\/ul><p>Successful tooth whitening and avoidance of risks can only be assured if these three conditions are present at the same time and in the same place. At R\u00e1day32 DentalCentrum, of course, these conditions are given for you to have a safe tooth whitening procedure and a spectacular result.<\/p><div id=\"lt-accessibility-devtools\" aria-hidden=\"true\">\u00a0<\/div>\t\t\t\t\t\t\t\t<\/div>\n\t\t\t\t<\/div>\n\t\t\t\t<div class=\"elementor-element elementor-element-6345c196 elementor-widget__width-initial elementor-widget-tablet__width-inherit elementor-widget elementor-widget-text-editor\" data-id=\"6345c196\" data-element_type=\"widget\" data-widget_type=\"text-editor.default\">\n\t\t\t\t<div class=\"elementor-widget-container\">\n\t\t\t\t\t\t\t\t\t<p><strong>Why do our teeth become so discolored that we need tooth whitening?<\/strong><br \/>Discoloration can occur because our teeth are made up of two layers:<\/p><ul><li>Inner, darker dentin layer<\/li><li>Outer layer of lighter enamel,<\/li><\/ul><p>The outer layer is full of microscopic cavities, invisible to the naked eye, in which dyes can be deposited. In addition, over the years, the top layer of enamel will start to wear away, causing the inner layer to thin and become increasingly visible.<\/p>\t\t\t\t\t\t\t\t<\/div>\n\t\t\t\t<\/div>\n\t\t\t\t<div class=\"elementor-element elementor-element-15430c37 elementor-widget__width-initial elementor-widget-mobile__width-inherit elementor-widget-tablet__width-inherit elementor-widget elementor-widget-image\" data-id=\"15430c37\" data-element_type=\"widget\" data-widget_type=\"image.default\">\n\t\t\t\t<div class=\"elementor-widget-container\">\n\t\t\t\t\t\t\t\t\t\t\t\t\t\t\t<img decoding=\"async\" width=\"800\" height=\"463\" src=\"https:\/\/raday32.coredesign.hu\/wp-content\/uploads\/2026\/01\/feher2.jpg\" class=\"attachment-large size-large wp-image-897\" alt=\"\" srcset=\"https:\/\/raday32.coredesign.hu\/wp-content\/uploads\/2026\/01\/feher2.jpg 1000w, https:\/\/raday32.coredesign.hu\/wp-content\/uploads\/2026\/01\/feher2-300x174.jpg 300w, https:\/\/raday32.coredesign.hu\/wp-content\/uploads\/2026\/01\/feher2-768x445.jpg 768w\" sizes=\"(max-width: 800px) 100vw, 800px\" \/>\t\t\t\t\t\t\t\t\t\t\t\t\t\t\t<\/div>\n\t\t\t\t<\/div>\n\t\t\t\t<div class=\"elementor-element elementor-element-33becc1a elementor-widget__width-inherit elementor-widget elementor-widget-text-editor\" data-id=\"33becc1a\" data-element_type=\"widget\" data-widget_type=\"text-editor.default\">\n\t\t\t\t<div class=\"elementor-widget-container\">\n\t\t\t\t\t\t\t\t\t<p>Discoloration can also have external causes:<\/p><ul><li>The foods we eat have a coloring effect on our teeth. These include red fruits and their products, red wine, coffee, and tea<\/li><li>Regular smoking stains our teeth<\/li><li>Some medicines can also have a coloring effect on our teeth<\/li><li>Teeth discoloration can also be caused by genetic inheritance<\/li><\/ul><div id=\"lt-accessibility-devtools\" aria-hidden=\"true\">\u00a0<\/div>\t\t\t\t\t\t\t\t<\/div>\n\t\t\t\t<\/div>\n\t\t\t\t<div class=\"elementor-element elementor-element-871401b elementor-widget__width-inherit elementor-widget elementor-widget-text-editor\" data-id=\"871401b\" data-element_type=\"widget\" data-widget_type=\"text-editor.default\">\n\t\t\t\t<div class=\"elementor-widget-container\">\n\t\t\t\t\t\t\t\t\t<p><strong>How does Beyond II Ultra teeth whitening technology work?<\/strong><\/p>\t\t\t\t\t\t\t\t<\/div>\n\t\t\t\t<\/div>\n\t\t\t\t<div class=\"elementor-element elementor-element-c73515e elementor-widget__width-initial elementor-widget-mobile__width-inherit elementor-widget-tablet__width-inherit elementor-widget elementor-widget-image\" data-id=\"c73515e\" data-element_type=\"widget\" data-widget_type=\"image.default\">\n\t\t\t\t<div class=\"elementor-widget-container\">\n\t\t\t\t\t\t\t\t\t\t\t\t\t\t\t<img decoding=\"async\" width=\"800\" height=\"478\" src=\"https:\/\/raday32.coredesign.hu\/wp-content\/uploads\/2026\/01\/feher1.jpg\" class=\"attachment-large size-large wp-image-898\" alt=\"\" srcset=\"https:\/\/raday32.coredesign.hu\/wp-content\/uploads\/2026\/01\/feher1.jpg 1000w, https:\/\/raday32.coredesign.hu\/wp-content\/uploads\/2026\/01\/feher1-300x179.jpg 300w, https:\/\/raday32.coredesign.hu\/wp-content\/uploads\/2026\/01\/feher1-768x459.jpg 768w\" sizes=\"(max-width: 800px) 100vw, 800px\" \/>\t\t\t\t\t\t\t\t\t\t\t\t\t\t\t<\/div>\n\t\t\t\t<\/div>\n\t\t\t\t<div class=\"elementor-element elementor-element-fd675c5 elementor-widget__width-initial elementor-widget-tablet__width-inherit elementor-widget elementor-widget-text-editor\" data-id=\"fd675c5\" data-element_type=\"widget\" data-widget_type=\"text-editor.default\">\n\t\t\t\t<div class=\"elementor-widget-container\">\n\t\t\t\t\t\t\t\t\t<p>The whitening agent is activated using 2 technologies simultaneously:<\/p><ul><li>\u00a0The Beyond whitening gel, containing hydrogen peroxide and silicon dioxide, is activated by a narrow beam of high-intensity, cold blue light.<\/li><li>\u00a0Meanwhile, the whitening head generates ultrasonic vibrations that deliver the active ingredient into the deeper layers of the tooth, for a much more intense whitening result.<\/li><\/ul><p>After the treatment, a 5-10 shade lightening of the tooth color can be achieved, which is significantly better than the results of home or other in-office whitening.<br \/>As we use cold light during the procedure and treat the teeth with Beyond desensitizer at the end of the procedure, the after-sensitization is minimal. The state-of-the-art Beyond II Ultra treatment takes just one session, is completely safe and results in up to<strong>\u00a02 years<\/strong>\u00a0even after a few days.<\/p><div id=\"lt-accessibility-devtools\" aria-hidden=\"true\">\u00a0<\/div>\t\t\t\t\t\t\t\t<\/div>\n\t\t\t\t<\/div>\n\t\t\t\t<div class=\"elementor-element elementor-element-62e50455 elementor-widget__width-inherit elementor-widget elementor-widget-gallery\" data-id=\"62e50455\" data-element_type=\"widget\" data-settings=\"{&quot;gap&quot;:{&quot;unit&quot;:&quot;px&quot;,&quot;size&quot;:0,&quot;sizes&quot;:[]},&quot;gap_tablet&quot;:{&quot;unit&quot;:&quot;px&quot;,&quot;size&quot;:0,&quot;sizes&quot;:[]},&quot;gap_mobile&quot;:{&quot;unit&quot;:&quot;px&quot;,&quot;size&quot;:0,&quot;sizes&quot;:[]},&quot;lazyload&quot;:&quot;yes&quot;,&quot;gallery_layout&quot;:&quot;grid&quot;,&quot;columns&quot;:4,&quot;columns_tablet&quot;:2,&quot;columns_mobile&quot;:1,&quot;link_to&quot;:&quot;file&quot;,&quot;aspect_ratio&quot;:&quot;3:2&quot;,&quot;overlay_background&quot;:&quot;yes&quot;,&quot;content_hover_animation&quot;:&quot;fade-in&quot;}\" data-widget_type=\"gallery.default\">\n\t\t\t\t<div class=\"elementor-widget-container\">\n\t\t\t\t\t\t\t<div class=\"elementor-gallery__container\">\n\t\t\t\t\t\t\t<a class=\"e-gallery-item elementor-gallery-item elementor-animated-content\" href=\"https:\/\/raday32.coredesign.hu\/wp-content\/uploads\/2026\/01\/gallery11.jpg\" data-elementor-open-lightbox=\"yes\" data-elementor-lightbox-slideshow=\"62e50455\" data-elementor-lightbox-title=\"gallery11\" data-e-action-hash=\"#elementor-action%3Aaction%3Dlightbox%26settings%3DeyJpZCI6ODk5LCJ1cmwiOiJodHRwczpcL1wvcmFkYXkzMi5jb3JlZGVzaWduLmh1XC93cC1jb250ZW50XC91cGxvYWRzXC8yMDI2XC8wMVwvZ2FsbGVyeTExLmpwZyIsInNsaWRlc2hvdyI6IjYyZTUwNDU1In0%3D\">\n\t\t\t\t\t<div class=\"e-gallery-image elementor-gallery-item__image\" data-thumbnail=\"https:\/\/raday32.coredesign.hu\/wp-content\/uploads\/2026\/01\/gallery11-300x209.jpg\" data-width=\"300\" data-height=\"209\" aria-label=\"\" role=\"img\" ><\/div>\n\t\t\t\t\t\t\t\t\t\t\t<div class=\"elementor-gallery-item__overlay\"><\/div>\n\t\t\t\t\t\t\t\t\t\t\t\t\t\t<\/a>\n\t\t\t\t\t\t\t<a class=\"e-gallery-item elementor-gallery-item elementor-animated-content\" href=\"https:\/\/raday32.coredesign.hu\/wp-content\/uploads\/2026\/01\/gallery12.jpg\" data-elementor-open-lightbox=\"yes\" data-elementor-lightbox-slideshow=\"62e50455\" data-elementor-lightbox-title=\"gallery12\" data-e-action-hash=\"#elementor-action%3Aaction%3Dlightbox%26settings%3DeyJpZCI6OTAwLCJ1cmwiOiJodHRwczpcL1wvcmFkYXkzMi5jb3JlZGVzaWduLmh1XC93cC1jb250ZW50XC91cGxvYWRzXC8yMDI2XC8wMVwvZ2FsbGVyeTEyLmpwZyIsInNsaWRlc2hvdyI6IjYyZTUwNDU1In0%3D\">\n\t\t\t\t\t<div class=\"e-gallery-image elementor-gallery-item__image\" data-thumbnail=\"https:\/\/raday32.coredesign.hu\/wp-content\/uploads\/2026\/01\/gallery12-300x200.jpg\" data-width=\"300\" data-height=\"200\" aria-label=\"\" role=\"img\" ><\/div>\n\t\t\t\t\t\t\t\t\t\t\t<div class=\"elementor-gallery-item__overlay\"><\/div>\n\t\t\t\t\t\t\t\t\t\t\t\t\t\t<\/a>\n\t\t\t\t\t\t\t<a class=\"e-gallery-item elementor-gallery-item elementor-animated-content\" href=\"https:\/\/raday32.coredesign.hu\/wp-content\/uploads\/2026\/01\/gallery13.jpg\" data-elementor-open-lightbox=\"yes\" data-elementor-lightbox-slideshow=\"62e50455\" data-elementor-lightbox-title=\"gallery13\" data-e-action-hash=\"#elementor-action%3Aaction%3Dlightbox%26settings%3DeyJpZCI6OTAxLCJ1cmwiOiJodHRwczpcL1wvcmFkYXkzMi5jb3JlZGVzaWduLmh1XC93cC1jb250ZW50XC91cGxvYWRzXC8yMDI2XC8wMVwvZ2FsbGVyeTEzLmpwZyIsInNsaWRlc2hvdyI6IjYyZTUwNDU1In0%3D\">\n\t\t\t\t\t<div class=\"e-gallery-image elementor-gallery-item__image\" data-thumbnail=\"https:\/\/raday32.coredesign.hu\/wp-content\/uploads\/2026\/01\/gallery13-300x214.jpg\" data-width=\"300\" data-height=\"214\" aria-label=\"\" role=\"img\" ><\/div>\n\t\t\t\t\t\t\t\t\t\t\t<div class=\"elementor-gallery-item__overlay\"><\/div>\n\t\t\t\t\t\t\t\t\t\t\t\t\t\t<\/a>\n\t\t\t\t\t\t\t<a class=\"e-gallery-item elementor-gallery-item elementor-animated-content\" href=\"https:\/\/raday32.coredesign.hu\/wp-content\/uploads\/2026\/01\/gallery14.jpg\" data-elementor-open-lightbox=\"yes\" data-elementor-lightbox-slideshow=\"62e50455\" data-elementor-lightbox-title=\"gallery14\" data-e-action-hash=\"#elementor-action%3Aaction%3Dlightbox%26settings%3DeyJpZCI6OTAyLCJ1cmwiOiJodHRwczpcL1wvcmFkYXkzMi5jb3JlZGVzaWduLmh1XC93cC1jb250ZW50XC91cGxvYWRzXC8yMDI2XC8wMVwvZ2FsbGVyeTE0LmpwZyIsInNsaWRlc2hvdyI6IjYyZTUwNDU1In0%3D\">\n\t\t\t\t\t<div class=\"e-gallery-image elementor-gallery-item__image\" data-thumbnail=\"https:\/\/raday32.coredesign.hu\/wp-content\/uploads\/2026\/01\/gallery14-300x219.jpg\" data-width=\"300\" data-height=\"219\" aria-label=\"\" role=\"img\" ><\/div>\n\t\t\t\t\t\t\t\t\t\t\t<div class=\"elementor-gallery-item__overlay\"><\/div>\n\t\t\t\t\t\t\t\t\t\t\t\t\t\t<\/a>\n\t\t\t\t\t<\/div>\n\t\t\t\t\t<\/div>\n\t\t\t\t<\/div>\n\t\t\t\t\t<\/div>\n\t\t\t\t<\/div>\n\t\t\t\t<\/div>","protected":false},"excerpt":{"rendered":"<p>Fogfeh\u00e9r\u00edt\u00e9s az U.S.A vezet\u0151 fogfeh\u00e9r\u00edt\u0151 rendszer\u00e9vel A fogfeh\u00e9r\u00edt\u00e9s akkor jelent igaz\u00e1n \u00e9rt\u00e9ket az \u00d6n sz\u00e1m\u00e1ra, ha szebb \u00e9s l\u00e1tv\u00e1nyosan feh\u00e9rebb fogakat szeretne. A fogfeh\u00e9r\u00edt\u00e9sre egyre nagyobb ig\u00e9ny mutatkozik p\u00e1cienseink k\u00f6r\u00e9ben, hiszen k\u00f6rnyezet\u00fcnk elv\u00e1r\u00e1sai egyre n\u0151nek \u00e9s neh\u00e9z l\u00e9p\u00e9st tartani azokkal elhanyagolt vagy elsz\u00ednez\u0151d\u00f6tt fogakkal. \u00a0 Hogyan lehet a fogfeh\u00e9r\u00edt\u00e9s az \u00d6n sz\u00e1m\u00e1ra is biztons\u00e1gos \u00e9s [&hellip;]<\/p>","protected":false},"author":1,"featured_media":0,"parent":30,"menu_order":0,"comment_status":"closed","ping_status":"closed","template":"","meta":{"footnotes":""},"class_list":["post-892","page","type-page","status-publish","hentry"],"_links":{"self":[{"href":"https:\/\/raday32.coredesign.hu\/en\/wp-json\/wp\/v2\/pages\/892","targetHints":{"allow":["GET"]}}],"collection":[{"href":"https:\/\/raday32.coredesign.hu\/en\/wp-json\/wp\/v2\/pages"}],"about":[{"href":"https:\/\/raday32.coredesign.hu\/en\/wp-json\/wp\/v2\/types\/page"}],"author":[{"embeddable":true,"href":"https:\/\/raday32.coredesign.hu\/en\/wp-json\/wp\/v2\/users\/1"}],"replies":[{"embeddable":true,"href":"https:\/\/raday32.coredesign.hu\/en\/wp-json\/wp\/v2\/comments?post=892"}],"version-history":[{"count":5,"href":"https:\/\/raday32.coredesign.hu\/en\/wp-json\/wp\/v2\/pages\/892\/revisions"}],"predecessor-version":[{"id":905,"href":"https:\/\/raday32.coredesign.hu\/en\/wp-json\/wp\/v2\/pages\/892\/revisions\/905"}],"up":[{"embeddable":true,"href":"https:\/\/raday32.coredesign.hu\/en\/wp-json\/wp\/v2\/pages\/30"}],"wp:attachment":[{"href":"https:\/\/raday32.coredesign.hu\/en\/wp-json\/wp\/v2\/media?parent=892"}],"curies":[{"name":"wp","href":"https:\/\/api.w.org\/{rel}","templated":true}]}}