{"id":877,"date":"2026-01-07T20:57:36","date_gmt":"2026-01-07T19:57:36","guid":{"rendered":"https:\/\/raday32.coredesign.hu\/?page_id=877"},"modified":"2026-01-07T21:38:14","modified_gmt":"2026-01-07T20:38:14","slug":"szabalyzo","status":"publish","type":"page","link":"https:\/\/raday32.coredesign.hu\/en\/kezelesek\/szabalyzo\/","title":{"rendered":"Orthodontics"},"content":{"rendered":"<div data-elementor-type=\"wp-page\" data-elementor-id=\"877\" class=\"elementor elementor-877\" data-elementor-post-type=\"page\">\n\t\t\t\t<div class=\"elementor-element elementor-element-2935849a e-flex e-con-boxed e-con e-parent\" data-id=\"2935849a\" data-element_type=\"container\" data-settings=\"{&quot;background_background&quot;:&quot;classic&quot;}\">\n\t\t\t\t\t<div class=\"e-con-inner\">\n\t\t\t\t<div class=\"elementor-element elementor-element-52657b0c elementor-widget elementor-widget-heading\" data-id=\"52657b0c\" data-element_type=\"widget\" data-widget_type=\"heading.default\">\n\t\t\t\t<div class=\"elementor-widget-container\">\n\t\t\t\t\t<h1 class=\"elementor-heading-title elementor-size-default\">Orthodontics<\/h1>\t\t\t\t<\/div>\n\t\t\t\t<\/div>\n\t\t\t\t<div class=\"elementor-element elementor-element-99df69d elementor-widget elementor-widget-heading\" data-id=\"99df69d\" data-element_type=\"widget\" data-widget_type=\"heading.default\">\n\t\t\t\t<div class=\"elementor-widget-container\">\n\t\t\t\t\t<div class=\"elementor-heading-title elementor-size-default\">Kezel\u00e9sek &gt; Fogszab\u00e1lyoz\u00e1s<\/div>\t\t\t\t<\/div>\n\t\t\t\t<\/div>\n\t\t\t\t\t<\/div>\n\t\t\t\t<\/div>\n\t\t<div class=\"elementor-element elementor-element-55339d8b e-flex e-con-boxed e-con e-parent\" data-id=\"55339d8b\" data-element_type=\"container\">\n\t\t\t\t\t<div class=\"e-con-inner\">\n\t\t\t\t<div class=\"elementor-element elementor-element-5200934b elementor-widget__width-inherit elementor-widget elementor-widget-text-editor\" data-id=\"5200934b\" data-element_type=\"widget\" data-widget_type=\"text-editor.default\">\n\t\t\t\t<div class=\"elementor-widget-container\">\n\t\t\t\t\t\t\t\t\t<p><strong>When is orthodontic treatment recommended?<\/strong><\/p><div id=\"lt-accessibility-devtools\" aria-hidden=\"true\">\u00a0<\/div>\t\t\t\t\t\t\t\t<\/div>\n\t\t\t\t<\/div>\n\t\t\t\t<div class=\"elementor-element elementor-element-675f4505 elementor-widget__width-initial elementor-widget-tablet__width-inherit elementor-widget elementor-widget-text-editor\" data-id=\"675f4505\" data-element_type=\"widget\" data-widget_type=\"text-editor.default\">\n\t\t\t\t<div class=\"elementor-widget-container\">\n\t\t\t\t\t\t\t\t\t<p>Most people want nice, regular teeth just for the aesthetic benefits. However, orthodontic treatment can prevent many other problems later or, if they have already developed, greatly improve their condition.<br \/><br \/><strong>They can be:<\/strong><\/p><ul><li>An abnormally closed set of teeth can cause joint pain<\/li><li>It is much more difficult to clean teeth that are heavily crowded and therefore more prone to decay<\/li><li>Teeth that are not perfectly aligned can also cause periodontal disease<\/li><\/ul><p>Our orthodontist always strives to create the ideal combination of aesthetic dentition and perfect function to match your facial harmony.<\/p>\t\t\t\t\t\t\t\t<\/div>\n\t\t\t\t<\/div>\n\t\t\t\t<div class=\"elementor-element elementor-element-530b4f63 elementor-widget__width-initial elementor-widget-mobile__width-inherit elementor-widget elementor-widget-image\" data-id=\"530b4f63\" data-element_type=\"widget\" data-widget_type=\"image.default\">\n\t\t\t\t<div class=\"elementor-widget-container\">\n\t\t\t\t\t\t\t\t\t\t\t\t\t\t\t<img fetchpriority=\"high\" decoding=\"async\" width=\"800\" height=\"532\" src=\"https:\/\/raday32.coredesign.hu\/wp-content\/uploads\/2026\/01\/fogszab1.jpg\" class=\"attachment-large size-large wp-image-881\" alt=\"\" srcset=\"https:\/\/raday32.coredesign.hu\/wp-content\/uploads\/2026\/01\/fogszab1.jpg 1000w, https:\/\/raday32.coredesign.hu\/wp-content\/uploads\/2026\/01\/fogszab1-300x200.jpg 300w, https:\/\/raday32.coredesign.hu\/wp-content\/uploads\/2026\/01\/fogszab1-768x511.jpg 768w\" sizes=\"(max-width: 800px) 100vw, 800px\" \/>\t\t\t\t\t\t\t\t\t\t\t\t\t\t\t<\/div>\n\t\t\t\t<\/div>\n\t\t\t\t<div class=\"elementor-element elementor-element-9f1d524 elementor-widget__width-initial elementor-widget-mobile__width-inherit elementor-widget elementor-widget-image\" data-id=\"9f1d524\" data-element_type=\"widget\" data-widget_type=\"image.default\">\n\t\t\t\t<div class=\"elementor-widget-container\">\n\t\t\t\t\t\t\t\t\t\t\t\t\t\t\t<img decoding=\"async\" width=\"800\" height=\"532\" src=\"https:\/\/raday32.coredesign.hu\/wp-content\/uploads\/2026\/01\/fogszab2.jpg\" class=\"attachment-large size-large wp-image-882\" alt=\"\" srcset=\"https:\/\/raday32.coredesign.hu\/wp-content\/uploads\/2026\/01\/fogszab2.jpg 1000w, https:\/\/raday32.coredesign.hu\/wp-content\/uploads\/2026\/01\/fogszab2-300x200.jpg 300w, https:\/\/raday32.coredesign.hu\/wp-content\/uploads\/2026\/01\/fogszab2-768x511.jpg 768w\" sizes=\"(max-width: 800px) 100vw, 800px\" \/>\t\t\t\t\t\t\t\t\t\t\t\t\t\t\t<\/div>\n\t\t\t\t<\/div>\n\t\t\t\t<div class=\"elementor-element elementor-element-34d0974 elementor-widget__width-initial elementor-widget-tablet__width-inherit elementor-widget elementor-widget-text-editor\" data-id=\"34d0974\" data-element_type=\"widget\" data-widget_type=\"text-editor.default\">\n\t\t\t\t<div class=\"elementor-widget-container\">\n\t\t\t\t\t\t\t\t\t<p><strong>Orthodontics for children and adolescents<\/strong><br \/>In many cases, the need for orthodontics becomes apparent at a very young age. At this stage of life, the jawbones are still growing and forming, and removable orthodontic appliances are the best way to influence their development. If the problem is caused by a bad habit - for example, finger-sucking - we can help the parent to stop. As a teenager, first, removable, then fixed appliances are used once the remaining dentition has developed. With these orthodontic appliances, it takes on average 1.5 to 2 years to achieve the intended aesthetic result in the early teenage years, so a 14\u201315-year-old child can look forward to the complicated teenage years with orthodontic treatment already completed.<\/p>\t\t\t\t\t\t\t\t<\/div>\n\t\t\t\t<\/div>\n\t\t\t\t<div class=\"elementor-element elementor-element-6daf549b elementor-widget__width-inherit elementor-widget elementor-widget-text-editor\" data-id=\"6daf549b\" data-element_type=\"widget\" data-widget_type=\"text-editor.default\">\n\t\t\t\t<div class=\"elementor-widget-container\">\n\t\t\t\t\t\t\t\t\t<p><strong>Adult orthodontics<\/strong><br \/>In the past, parents didn't pay as much attention to their children's regular teeth as they do today, so generations have grown up with abnormal teeth. As an adult, it is still not too late to start orthodontic treatment to achieve the desired aesthetic result. From minor aesthetic problems to major functional differences, we have solutions for everything. Orthodontic treatment is mainly done with a fixed, bonded appliance, which can be made of metal or aesthetic tooth-colored materials. If you're averse to bonded appliances, our practice offers the option of state-of-the-art, almost completely invisible appliances.<br \/><br \/><strong>Invisible Bio Aligner Orthodontics<\/strong><br \/>Nowadays, even complex orthodontic treatments can often be performed using invisible aligner trays, avoiding the discomfort associated with fixed braces.<\/p>\t\t\t\t\t\t\t\t<\/div>\n\t\t\t\t<\/div>\n\t\t\t\t<div class=\"elementor-element elementor-element-30f0d9f elementor-widget__width-inherit elementor-widget elementor-widget-text-editor\" data-id=\"30f0d9f\" data-element_type=\"widget\" data-widget_type=\"text-editor.default\">\n\t\t\t\t<div class=\"elementor-widget-container\">\n\t\t\t\t\t\t\t\t\t<p><strong>Step-by-step process of invisible orthodontic treatment:<\/strong><\/p><div id=\"lt-accessibility-devtools\" aria-hidden=\"true\">\u00a0<\/div>\t\t\t\t\t\t\t\t<\/div>\n\t\t\t\t<\/div>\n\t\t\t\t<div class=\"elementor-element elementor-element-4290a4a5 elementor-widget__width-initial elementor-widget-tablet__width-inherit elementor-widget elementor-widget-text-editor\" data-id=\"4290a4a5\" data-element_type=\"widget\" data-widget_type=\"text-editor.default\">\n\t\t\t\t<div class=\"elementor-widget-container\">\n\t\t\t\t\t\t\t\t\t<ul><li>During the initial consultation, our experienced orthodontic specialist will assess whether invisible aligners can be effectively applied in your case. If suitable, they will estimate the approximate number of aligners required. The consultation fee is\u00a0<strong>5000 Ft.<\/strong><\/li><li>If you agree to proceed, we will take a high-precision intraoral scan of your dentition and perform the necessary radiographic imaging at our clinic.<\/li><li>Based on this data, we will digitally design a personalized treatment plan, including visual renderings and animations, which will be reviewed and aligned with your expectations. This cost\u00a0<strong>65 000 Ft. \/ jawbone<\/strong><\/li><li>The invisible aligners are then manufactured using 3D printing technology. Each aligner must be replaced every two weeks until the desired outcome is achieved. The cost of one aligner is\u00a0<strong>50 000 Ft.<\/strong><\/li><li>Upon completion of the treatment, we recommend a follow-up intraoral scan as part of our\u00a0<strong><a href=\"https:\/\/raday32.hu\/smilebank.html\" target=\"_self\">Smile Bank<\/a><\/strong>\u00a0service, allowing us to preserve a digital model of your achieved smile.<\/li><\/ul>\t\t\t\t\t\t\t\t<\/div>\n\t\t\t\t<\/div>\n\t\t\t\t<div class=\"elementor-element elementor-element-426393dc elementor-widget__width-initial elementor-widget-mobile__width-inherit elementor-widget elementor-widget-image\" data-id=\"426393dc\" data-element_type=\"widget\" data-widget_type=\"image.default\">\n\t\t\t\t<div class=\"elementor-widget-container\">\n\t\t\t\t\t\t\t\t\t\t\t\t\t\t\t<img decoding=\"async\" width=\"800\" height=\"532\" src=\"https:\/\/raday32.coredesign.hu\/wp-content\/uploads\/2026\/01\/aligner-1.jpg\" class=\"attachment-large size-large wp-image-883\" alt=\"\" srcset=\"https:\/\/raday32.coredesign.hu\/wp-content\/uploads\/2026\/01\/aligner-1.jpg 1000w, https:\/\/raday32.coredesign.hu\/wp-content\/uploads\/2026\/01\/aligner-1-300x200.jpg 300w, https:\/\/raday32.coredesign.hu\/wp-content\/uploads\/2026\/01\/aligner-1-768x511.jpg 768w\" sizes=\"(max-width: 800px) 100vw, 800px\" \/>\t\t\t\t\t\t\t\t\t\t\t\t\t\t\t<\/div>\n\t\t\t\t<\/div>\n\t\t\t\t<div class=\"elementor-element elementor-element-ed974b8 elementor-widget__width-initial elementor-widget-mobile__width-inherit elementor-widget elementor-widget-image\" data-id=\"ed974b8\" data-element_type=\"widget\" data-widget_type=\"image.default\">\n\t\t\t\t<div class=\"elementor-widget-container\">\n\t\t\t\t\t\t\t\t\t\t\t\t\t\t\t<img loading=\"lazy\" decoding=\"async\" width=\"800\" height=\"268\" src=\"https:\/\/raday32.coredesign.hu\/wp-content\/uploads\/2026\/01\/beforeafter.jpg\" class=\"attachment-large size-large wp-image-884\" alt=\"\" srcset=\"https:\/\/raday32.coredesign.hu\/wp-content\/uploads\/2026\/01\/beforeafter.jpg 800w, https:\/\/raday32.coredesign.hu\/wp-content\/uploads\/2026\/01\/beforeafter-300x101.jpg 300w, https:\/\/raday32.coredesign.hu\/wp-content\/uploads\/2026\/01\/beforeafter-768x257.jpg 768w\" sizes=\"(max-width: 800px) 100vw, 800px\" \/>\t\t\t\t\t\t\t\t\t\t\t\t\t\t\t<\/div>\n\t\t\t\t<\/div>\n\t\t\t\t<div class=\"elementor-element elementor-element-3b956629 elementor-widget__width-inherit elementor-widget elementor-widget-text-editor\" data-id=\"3b956629\" data-element_type=\"widget\" data-widget_type=\"text-editor.default\">\n\t\t\t\t<div class=\"elementor-widget-container\">\n\t\t\t\t\t\t\t\t\t<p><strong>Why is this beneficial for you?<\/strong><\/p><ul><li>Invisible orthodontics utilizes the most advanced technologies available today.<\/li><li>It involves minimal discomfort compared to traditional methods.<\/li><li>We do not offer invisible aligner treatment at a fixed \u201cpackage\u201d price \u2014 you only pay for the aligners that are actually needed.<\/li><li>You don\u2019t have to pay for all aligners upfront. Typically, we provide 2\u20133 aligners at a time, allowing you to pay for the treatment in installments.<\/li><\/ul><div id=\"lt-accessibility-devtools\" aria-hidden=\"true\">\u00a0<\/div>\t\t\t\t\t\t\t\t<\/div>\n\t\t\t\t<\/div>\n\t\t\t\t<div class=\"elementor-element elementor-element-17bc470f elementor-widget elementor-widget-gallery\" data-id=\"17bc470f\" data-element_type=\"widget\" data-settings=\"{&quot;gap&quot;:{&quot;unit&quot;:&quot;px&quot;,&quot;size&quot;:0,&quot;sizes&quot;:[]},&quot;gap_tablet&quot;:{&quot;unit&quot;:&quot;px&quot;,&quot;size&quot;:0,&quot;sizes&quot;:[]},&quot;gap_mobile&quot;:{&quot;unit&quot;:&quot;px&quot;,&quot;size&quot;:0,&quot;sizes&quot;:[]},&quot;lazyload&quot;:&quot;yes&quot;,&quot;gallery_layout&quot;:&quot;grid&quot;,&quot;columns&quot;:4,&quot;columns_tablet&quot;:2,&quot;columns_mobile&quot;:1,&quot;link_to&quot;:&quot;file&quot;,&quot;aspect_ratio&quot;:&quot;3:2&quot;,&quot;overlay_background&quot;:&quot;yes&quot;,&quot;content_hover_animation&quot;:&quot;fade-in&quot;}\" data-widget_type=\"gallery.default\">\n\t\t\t\t<div class=\"elementor-widget-container\">\n\t\t\t\t\t\t\t<div class=\"elementor-gallery__container\">\n\t\t\t\t\t\t\t<a class=\"e-gallery-item elementor-gallery-item elementor-animated-content\" href=\"https:\/\/raday32.coredesign.hu\/wp-content\/uploads\/2026\/01\/fogszab3.jpg\" data-elementor-open-lightbox=\"yes\" data-elementor-lightbox-slideshow=\"17bc470f\" data-elementor-lightbox-title=\"fogszab3\" data-e-action-hash=\"#elementor-action%3Aaction%3Dlightbox%26settings%3DeyJpZCI6ODg1LCJ1cmwiOiJodHRwczpcL1wvcmFkYXkzMi5jb3JlZGVzaWduLmh1XC93cC1jb250ZW50XC91cGxvYWRzXC8yMDI2XC8wMVwvZm9nc3phYjMuanBnIiwic2xpZGVzaG93IjoiMTdiYzQ3MGYifQ%3D%3D\">\n\t\t\t\t\t<div class=\"e-gallery-image elementor-gallery-item__image\" data-thumbnail=\"https:\/\/raday32.coredesign.hu\/wp-content\/uploads\/2026\/01\/fogszab3-300x200.jpg\" data-width=\"300\" data-height=\"200\" aria-label=\"\" role=\"img\" ><\/div>\n\t\t\t\t\t\t\t\t\t\t\t<div class=\"elementor-gallery-item__overlay\"><\/div>\n\t\t\t\t\t\t\t\t\t\t\t\t\t\t<\/a>\n\t\t\t\t\t\t\t<a class=\"e-gallery-item elementor-gallery-item elementor-animated-content\" href=\"https:\/\/raday32.coredesign.hu\/wp-content\/uploads\/2026\/01\/gallery19.jpg\" data-elementor-open-lightbox=\"yes\" data-elementor-lightbox-slideshow=\"17bc470f\" data-elementor-lightbox-title=\"gallery19\" data-e-action-hash=\"#elementor-action%3Aaction%3Dlightbox%26settings%3DeyJpZCI6ODg2LCJ1cmwiOiJodHRwczpcL1wvcmFkYXkzMi5jb3JlZGVzaWduLmh1XC93cC1jb250ZW50XC91cGxvYWRzXC8yMDI2XC8wMVwvZ2FsbGVyeTE5LmpwZyIsInNsaWRlc2hvdyI6IjE3YmM0NzBmIn0%3D\">\n\t\t\t\t\t<div class=\"e-gallery-image elementor-gallery-item__image\" data-thumbnail=\"https:\/\/raday32.coredesign.hu\/wp-content\/uploads\/2026\/01\/gallery19-300x200.jpg\" data-width=\"300\" data-height=\"200\" aria-label=\"\" role=\"img\" ><\/div>\n\t\t\t\t\t\t\t\t\t\t\t<div class=\"elementor-gallery-item__overlay\"><\/div>\n\t\t\t\t\t\t\t\t\t\t\t\t\t\t<\/a>\n\t\t\t\t\t\t\t<a class=\"e-gallery-item elementor-gallery-item elementor-animated-content\" href=\"https:\/\/raday32.coredesign.hu\/wp-content\/uploads\/2026\/01\/gallery21.jpg\" data-elementor-open-lightbox=\"yes\" data-elementor-lightbox-slideshow=\"17bc470f\" data-elementor-lightbox-title=\"gallery21\" data-e-action-hash=\"#elementor-action%3Aaction%3Dlightbox%26settings%3DeyJpZCI6ODg3LCJ1cmwiOiJodHRwczpcL1wvcmFkYXkzMi5jb3JlZGVzaWduLmh1XC93cC1jb250ZW50XC91cGxvYWRzXC8yMDI2XC8wMVwvZ2FsbGVyeTIxLmpwZyIsInNsaWRlc2hvdyI6IjE3YmM0NzBmIn0%3D\">\n\t\t\t\t\t<div class=\"e-gallery-image elementor-gallery-item__image\" data-thumbnail=\"https:\/\/raday32.coredesign.hu\/wp-content\/uploads\/2026\/01\/gallery21-300x200.jpg\" data-width=\"300\" data-height=\"200\" aria-label=\"\" role=\"img\" ><\/div>\n\t\t\t\t\t\t\t\t\t\t\t<div class=\"elementor-gallery-item__overlay\"><\/div>\n\t\t\t\t\t\t\t\t\t\t\t\t\t\t<\/a>\n\t\t\t\t\t\t\t<a class=\"e-gallery-item elementor-gallery-item elementor-animated-content\" href=\"https:\/\/raday32.coredesign.hu\/wp-content\/uploads\/2026\/01\/gallery20.jpg\" data-elementor-open-lightbox=\"yes\" data-elementor-lightbox-slideshow=\"17bc470f\" data-elementor-lightbox-title=\"gallery20\" data-e-action-hash=\"#elementor-action%3Aaction%3Dlightbox%26settings%3DeyJpZCI6ODg4LCJ1cmwiOiJodHRwczpcL1wvcmFkYXkzMi5jb3JlZGVzaWduLmh1XC93cC1jb250ZW50XC91cGxvYWRzXC8yMDI2XC8wMVwvZ2FsbGVyeTIwLmpwZyIsInNsaWRlc2hvdyI6IjE3YmM0NzBmIn0%3D\">\n\t\t\t\t\t<div class=\"e-gallery-image elementor-gallery-item__image\" data-thumbnail=\"https:\/\/raday32.coredesign.hu\/wp-content\/uploads\/2026\/01\/gallery20-300x212.jpg\" data-width=\"300\" data-height=\"212\" aria-label=\"\" role=\"img\" ><\/div>\n\t\t\t\t\t\t\t\t\t\t\t<div class=\"elementor-gallery-item__overlay\"><\/div>\n\t\t\t\t\t\t\t\t\t\t\t\t\t\t<\/a>\n\t\t\t\t\t<\/div>\n\t\t\t\t\t<\/div>\n\t\t\t\t<\/div>\n\t\t\t\t\t<\/div>\n\t\t\t\t<\/div>\n\t\t\t\t<\/div>","protected":false},"excerpt":{"rendered":"<p>Fogszab\u00e1lyoz\u00e1s Mikor javasolt a fogszab\u00e1lyoz\u00f3 kezel\u00e9s? \u00a0 A sz\u00e9p,szab\u00e1lyos fogazatra az emberek t\u00f6bbs\u00e9ge csak eszt\u00e9tikai el\u0151nyei miatt v\u00e1gyik. Azonban fogszab\u00e1lyoz\u00f3 kezel\u00e9ssel sok m\u00e1s k\u00e9s\u0151bbi probl\u00e9ma is megel\u0151zhet\u0151, vagy ha m\u00e1r kialakult, ezek \u00e1llapota nagym\u00e9rt\u00e9kben jav\u00edthat\u00f3. Ilyenek lehetnek: egy rendellenesen z\u00e1r\u00f3d\u00f3 fogazat okozhat \u00edz\u00fcleti f\u00e1jdalmakat er\u0151sen torl\u00f3dott fogak k\u00f6z\u00f6tt a fogtiszt\u00edt\u00e1s sokkal nehezebben kivitelezhet\u0151, ez\u00e9rt a [&hellip;]<\/p>","protected":false},"author":1,"featured_media":0,"parent":30,"menu_order":0,"comment_status":"closed","ping_status":"closed","template":"","meta":{"footnotes":""},"class_list":["post-877","page","type-page","status-publish","hentry"],"_links":{"self":[{"href":"https:\/\/raday32.coredesign.hu\/en\/wp-json\/wp\/v2\/pages\/877","targetHints":{"allow":["GET"]}}],"collection":[{"href":"https:\/\/raday32.coredesign.hu\/en\/wp-json\/wp\/v2\/pages"}],"about":[{"href":"https:\/\/raday32.coredesign.hu\/en\/wp-json\/wp\/v2\/types\/page"}],"author":[{"embeddable":true,"href":"https:\/\/raday32.coredesign.hu\/en\/wp-json\/wp\/v2\/users\/1"}],"replies":[{"embeddable":true,"href":"https:\/\/raday32.coredesign.hu\/en\/wp-json\/wp\/v2\/comments?post=877"}],"version-history":[{"count":8,"href":"https:\/\/raday32.coredesign.hu\/en\/wp-json\/wp\/v2\/pages\/877\/revisions"}],"predecessor-version":[{"id":924,"href":"https:\/\/raday32.coredesign.hu\/en\/wp-json\/wp\/v2\/pages\/877\/revisions\/924"}],"up":[{"embeddable":true,"href":"https:\/\/raday32.coredesign.hu\/en\/wp-json\/wp\/v2\/pages\/30"}],"wp:attachment":[{"href":"https:\/\/raday32.coredesign.hu\/en\/wp-json\/wp\/v2\/media?parent=877"}],"curies":[{"name":"wp","href":"https:\/\/api.w.org\/{rel}","templated":true}]}}