{"id":830,"date":"2026-01-07T20:16:47","date_gmt":"2026-01-07T19:16:47","guid":{"rendered":"https:\/\/raday32.coredesign.hu\/?page_id=830"},"modified":"2026-01-07T20:21:59","modified_gmt":"2026-01-07T19:21:59","slug":"sebeszet","status":"publish","type":"page","link":"https:\/\/raday32.coredesign.hu\/en\/kezelesek\/sebeszet\/","title":{"rendered":"Dental Surgery"},"content":{"rendered":"<div data-elementor-type=\"wp-page\" data-elementor-id=\"830\" class=\"elementor elementor-830\" data-elementor-post-type=\"page\">\n\t\t\t\t<div class=\"elementor-element elementor-element-2cbcfacd e-flex e-con-boxed e-con e-parent\" data-id=\"2cbcfacd\" data-element_type=\"container\" data-settings=\"{&quot;background_background&quot;:&quot;classic&quot;}\">\n\t\t\t\t\t<div class=\"e-con-inner\">\n\t\t\t\t<div class=\"elementor-element elementor-element-322218ce elementor-widget elementor-widget-heading\" data-id=\"322218ce\" data-element_type=\"widget\" data-widget_type=\"heading.default\">\n\t\t\t\t<div class=\"elementor-widget-container\">\n\t\t\t\t\t<h1 class=\"elementor-heading-title elementor-size-default\">Dental Surgery<\/h1>\t\t\t\t<\/div>\n\t\t\t\t<\/div>\n\t\t\t\t<div class=\"elementor-element elementor-element-1270eb6b elementor-widget elementor-widget-heading\" data-id=\"1270eb6b\" data-element_type=\"widget\" data-widget_type=\"heading.default\">\n\t\t\t\t<div class=\"elementor-widget-container\">\n\t\t\t\t\t<div class=\"elementor-heading-title elementor-size-default\">Kezel\u00e9sek &gt; Sz\u00e1jseb\u00e9szet<\/div>\t\t\t\t<\/div>\n\t\t\t\t<\/div>\n\t\t\t\t\t<\/div>\n\t\t\t\t<\/div>\n\t\t<div class=\"elementor-element elementor-element-7956f44d e-flex e-con-boxed e-con e-parent\" data-id=\"7956f44d\" data-element_type=\"container\">\n\t\t\t\t\t<div class=\"e-con-inner\">\n\t\t\t\t<div class=\"elementor-element elementor-element-29bb4e7f elementor-widget__width-initial elementor-widget-tablet__width-inherit elementor-widget elementor-widget-text-editor\" data-id=\"29bb4e7f\" data-element_type=\"widget\" data-widget_type=\"text-editor.default\">\n\t\t\t\t<div class=\"elementor-widget-container\">\n\t\t\t\t\t\t\t\t\t<p>In our clinic a dental surgeon with international experience welcomes our patients.<\/p><p><strong>Dental surgery involves a wide range of procedures, such as:<\/strong><\/p><ul><li>Extraction of a tooth that cannot be conventionally removed, or a broken dental root from an exploration<\/li><li>Removal of unerupted teeth from the bone (most often wisdom teeth)<\/li><li>Removal of cysts<\/li><li>Apicoectomy (to save teeth that have been root-canaled but are still inflamed)<\/li><li>Closure of a sinus cavity opened during tooth extraction<\/li><li>Placement of implants and related procedures (dental bone graft, sinus lifting, soft tissue corrections)<\/li><\/ul>\t\t\t\t\t\t\t\t<\/div>\n\t\t\t\t<\/div>\n\t\t\t\t<div class=\"elementor-element elementor-element-704597f3 elementor-widget__width-initial elementor-widget-mobile__width-inherit elementor-widget elementor-widget-image\" data-id=\"704597f3\" data-element_type=\"widget\" data-widget_type=\"image.default\">\n\t\t\t\t<div class=\"elementor-widget-container\">\n\t\t\t\t\t\t\t\t\t\t\t\t\t\t\t<img fetchpriority=\"high\" decoding=\"async\" width=\"800\" height=\"496\" src=\"https:\/\/raday32.coredesign.hu\/wp-content\/uploads\/2026\/01\/szajseb.jpg\" class=\"attachment-large size-large wp-image-834\" alt=\"\" srcset=\"https:\/\/raday32.coredesign.hu\/wp-content\/uploads\/2026\/01\/szajseb.jpg 1000w, https:\/\/raday32.coredesign.hu\/wp-content\/uploads\/2026\/01\/szajseb-300x186.jpg 300w, https:\/\/raday32.coredesign.hu\/wp-content\/uploads\/2026\/01\/szajseb-768x476.jpg 768w\" sizes=\"(max-width: 800px) 100vw, 800px\" \/>\t\t\t\t\t\t\t\t\t\t\t\t\t\t\t<\/div>\n\t\t\t\t<\/div>\n\t\t\t\t<div class=\"elementor-element elementor-element-6648c36e elementor-widget-tablet__width-inherit elementor-widget elementor-widget-gallery\" data-id=\"6648c36e\" data-element_type=\"widget\" data-settings=\"{&quot;gap&quot;:{&quot;unit&quot;:&quot;px&quot;,&quot;size&quot;:0,&quot;sizes&quot;:[]},&quot;gap_tablet&quot;:{&quot;unit&quot;:&quot;px&quot;,&quot;size&quot;:0,&quot;sizes&quot;:[]},&quot;gap_mobile&quot;:{&quot;unit&quot;:&quot;px&quot;,&quot;size&quot;:0,&quot;sizes&quot;:[]},&quot;lazyload&quot;:&quot;yes&quot;,&quot;gallery_layout&quot;:&quot;grid&quot;,&quot;columns&quot;:4,&quot;columns_tablet&quot;:2,&quot;columns_mobile&quot;:1,&quot;link_to&quot;:&quot;file&quot;,&quot;aspect_ratio&quot;:&quot;3:2&quot;,&quot;overlay_background&quot;:&quot;yes&quot;,&quot;content_hover_animation&quot;:&quot;fade-in&quot;}\" data-widget_type=\"gallery.default\">\n\t\t\t\t<div class=\"elementor-widget-container\">\n\t\t\t\t\t\t\t<div class=\"elementor-gallery__container\">\n\t\t\t\t\t\t\t<a class=\"e-gallery-item elementor-gallery-item elementor-animated-content\" href=\"https:\/\/raday32.coredesign.hu\/wp-content\/uploads\/2026\/01\/gallery22.jpg\" data-elementor-open-lightbox=\"yes\" data-elementor-lightbox-slideshow=\"6648c36e\" data-elementor-lightbox-title=\"gallery22\" data-e-action-hash=\"#elementor-action%3Aaction%3Dlightbox%26settings%3DeyJpZCI6ODM1LCJ1cmwiOiJodHRwczpcL1wvcmFkYXkzMi5jb3JlZGVzaWduLmh1XC93cC1jb250ZW50XC91cGxvYWRzXC8yMDI2XC8wMVwvZ2FsbGVyeTIyLmpwZyIsInNsaWRlc2hvdyI6IjY2NDhjMzZlIn0%3D\">\n\t\t\t\t\t<div class=\"e-gallery-image elementor-gallery-item__image\" data-thumbnail=\"https:\/\/raday32.coredesign.hu\/wp-content\/uploads\/2026\/01\/gallery22-300x225.jpg\" data-width=\"300\" data-height=\"225\" aria-label=\"\" role=\"img\" ><\/div>\n\t\t\t\t\t\t\t\t\t\t\t<div class=\"elementor-gallery-item__overlay\"><\/div>\n\t\t\t\t\t\t\t\t\t\t\t\t\t\t<\/a>\n\t\t\t\t\t\t\t<a class=\"e-gallery-item elementor-gallery-item elementor-animated-content\" href=\"https:\/\/raday32.coredesign.hu\/wp-content\/uploads\/2026\/01\/gallery1.jpg\" data-elementor-open-lightbox=\"yes\" data-elementor-lightbox-slideshow=\"6648c36e\" data-elementor-lightbox-title=\"gallery1\" data-e-action-hash=\"#elementor-action%3Aaction%3Dlightbox%26settings%3DeyJpZCI6ODM2LCJ1cmwiOiJodHRwczpcL1wvcmFkYXkzMi5jb3JlZGVzaWduLmh1XC93cC1jb250ZW50XC91cGxvYWRzXC8yMDI2XC8wMVwvZ2FsbGVyeTEuanBnIiwic2xpZGVzaG93IjoiNjY0OGMzNmUifQ%3D%3D\">\n\t\t\t\t\t<div class=\"e-gallery-image elementor-gallery-item__image\" data-thumbnail=\"https:\/\/raday32.coredesign.hu\/wp-content\/uploads\/2026\/01\/gallery1-300x200.jpg\" data-width=\"300\" data-height=\"200\" aria-label=\"\" role=\"img\" ><\/div>\n\t\t\t\t\t\t\t\t\t\t\t<div class=\"elementor-gallery-item__overlay\"><\/div>\n\t\t\t\t\t\t\t\t\t\t\t\t\t\t<\/a>\n\t\t\t\t\t\t\t<a class=\"e-gallery-item elementor-gallery-item elementor-animated-content\" href=\"https:\/\/raday32.coredesign.hu\/wp-content\/uploads\/2026\/01\/gallery23.jpg\" data-elementor-open-lightbox=\"yes\" data-elementor-lightbox-slideshow=\"6648c36e\" data-elementor-lightbox-title=\"gallery23\" data-e-action-hash=\"#elementor-action%3Aaction%3Dlightbox%26settings%3DeyJpZCI6ODM3LCJ1cmwiOiJodHRwczpcL1wvcmFkYXkzMi5jb3JlZGVzaWduLmh1XC93cC1jb250ZW50XC91cGxvYWRzXC8yMDI2XC8wMVwvZ2FsbGVyeTIzLmpwZyIsInNsaWRlc2hvdyI6IjY2NDhjMzZlIn0%3D\">\n\t\t\t\t\t<div class=\"e-gallery-image elementor-gallery-item__image\" data-thumbnail=\"https:\/\/raday32.coredesign.hu\/wp-content\/uploads\/2026\/01\/gallery23-300x230.jpg\" data-width=\"300\" data-height=\"230\" aria-label=\"\" role=\"img\" ><\/div>\n\t\t\t\t\t\t\t\t\t\t\t<div class=\"elementor-gallery-item__overlay\"><\/div>\n\t\t\t\t\t\t\t\t\t\t\t\t\t\t<\/a>\n\t\t\t\t\t\t\t<a class=\"e-gallery-item elementor-gallery-item elementor-animated-content\" href=\"https:\/\/raday32.coredesign.hu\/wp-content\/uploads\/2026\/01\/gallery24.jpg\" data-elementor-open-lightbox=\"yes\" data-elementor-lightbox-slideshow=\"6648c36e\" data-elementor-lightbox-title=\"gallery24\" data-e-action-hash=\"#elementor-action%3Aaction%3Dlightbox%26settings%3DeyJpZCI6ODM4LCJ1cmwiOiJodHRwczpcL1wvcmFkYXkzMi5jb3JlZGVzaWduLmh1XC93cC1jb250ZW50XC91cGxvYWRzXC8yMDI2XC8wMVwvZ2FsbGVyeTI0LmpwZyIsInNsaWRlc2hvdyI6IjY2NDhjMzZlIn0%3D\">\n\t\t\t\t\t<div class=\"e-gallery-image elementor-gallery-item__image\" data-thumbnail=\"https:\/\/raday32.coredesign.hu\/wp-content\/uploads\/2026\/01\/gallery24-300x195.jpg\" data-width=\"300\" data-height=\"195\" aria-label=\"\" role=\"img\" ><\/div>\n\t\t\t\t\t\t\t\t\t\t\t<div class=\"elementor-gallery-item__overlay\"><\/div>\n\t\t\t\t\t\t\t\t\t\t\t\t\t\t<\/a>\n\t\t\t\t\t<\/div>\n\t\t\t\t\t<\/div>\n\t\t\t\t<\/div>\n\t\t\t\t\t<\/div>\n\t\t\t\t<\/div>\n\t\t\t\t<\/div>","protected":false},"excerpt":{"rendered":"<p>Sz\u00e1jseb\u00e9szet Rendel\u0151nkben nemzetk\u00f6zi tapasztalattal rendelkez\u0151 sz\u00e1jseb\u00e9sz fogadja p\u00e1cienseinket. A sz\u00e1jseb\u00e9szet sokf\u00e9le beavatkoz\u00e1st foglal mag\u00e1ban, \u00fagymint: hagyom\u00e1nyos m\u00f3don nem elt\u00e1vol\u00edthat\u00f3 fog illetve let\u00f6rt foggy\u00f6k\u00e9r kiv\u00e9tele felt\u00e1r\u00e1sb\u00f3l el\u0151 nem t\u00f6rt fogak elt\u00e1vol\u00edt\u00e1sa a csontb\u00f3l (leggyakrabban b\u00f6lcsess\u00e9gfog) ciszt\u00e1k elt\u00e1vol\u00edt\u00e1sa gy\u00f6k\u00e9rcs\u00facs rezekci\u00f3 (a gy\u00f6k\u00e9rkezelt \u00e1m m\u00e9g mindig gyulladt fogak megment\u00e9se \u00e9rdek\u00e9ben) fogelt\u00e1vol\u00edt\u00e1s sor\u00e1n megy\u00edlt arc\u00fcreg z\u00e1r\u00e1sa implant\u00e1tumok behelyez\u00e9se \u00e9s [&hellip;]<\/p>","protected":false},"author":1,"featured_media":0,"parent":30,"menu_order":0,"comment_status":"closed","ping_status":"closed","template":"","meta":{"footnotes":""},"class_list":["post-830","page","type-page","status-publish","hentry"],"_links":{"self":[{"href":"https:\/\/raday32.coredesign.hu\/en\/wp-json\/wp\/v2\/pages\/830","targetHints":{"allow":["GET"]}}],"collection":[{"href":"https:\/\/raday32.coredesign.hu\/en\/wp-json\/wp\/v2\/pages"}],"about":[{"href":"https:\/\/raday32.coredesign.hu\/en\/wp-json\/wp\/v2\/types\/page"}],"author":[{"embeddable":true,"href":"https:\/\/raday32.coredesign.hu\/en\/wp-json\/wp\/v2\/users\/1"}],"replies":[{"embeddable":true,"href":"https:\/\/raday32.coredesign.hu\/en\/wp-json\/wp\/v2\/comments?post=830"}],"version-history":[{"count":5,"href":"https:\/\/raday32.coredesign.hu\/en\/wp-json\/wp\/v2\/pages\/830\/revisions"}],"predecessor-version":[{"id":842,"href":"https:\/\/raday32.coredesign.hu\/en\/wp-json\/wp\/v2\/pages\/830\/revisions\/842"}],"up":[{"embeddable":true,"href":"https:\/\/raday32.coredesign.hu\/en\/wp-json\/wp\/v2\/pages\/30"}],"wp:attachment":[{"href":"https:\/\/raday32.coredesign.hu\/en\/wp-json\/wp\/v2\/media?parent=830"}],"curies":[{"name":"wp","href":"https:\/\/api.w.org\/{rel}","templated":true}]}}