{"id":808,"date":"2026-01-07T20:03:12","date_gmt":"2026-01-07T19:03:12","guid":{"rendered":"https:\/\/raday32.coredesign.hu\/?page_id=808"},"modified":"2026-01-07T22:47:48","modified_gmt":"2026-01-07T21:47:48","slug":"implant","status":"publish","type":"page","link":"https:\/\/raday32.coredesign.hu\/en\/kezelesek\/implant\/","title":{"rendered":"Dental Implants"},"content":{"rendered":"<div data-elementor-type=\"wp-page\" data-elementor-id=\"808\" class=\"elementor elementor-808\" data-elementor-post-type=\"page\">\n\t\t\t\t<div class=\"elementor-element elementor-element-f7511c6 e-flex e-con-boxed e-con e-parent\" data-id=\"f7511c6\" data-element_type=\"container\" data-settings=\"{&quot;background_background&quot;:&quot;classic&quot;}\">\n\t\t\t\t\t<div class=\"e-con-inner\">\n\t\t\t\t<div class=\"elementor-element elementor-element-7d1db1f elementor-widget elementor-widget-heading\" data-id=\"7d1db1f\" data-element_type=\"widget\" data-widget_type=\"heading.default\">\n\t\t\t\t<div class=\"elementor-widget-container\">\n\t\t\t\t\t<h1 class=\"elementor-heading-title elementor-size-default\">Dental Implants - Implantology<\/h1>\t\t\t\t<\/div>\n\t\t\t\t<\/div>\n\t\t\t\t<div class=\"elementor-element elementor-element-6008e9d elementor-widget elementor-widget-heading\" data-id=\"6008e9d\" data-element_type=\"widget\" data-widget_type=\"heading.default\">\n\t\t\t\t<div class=\"elementor-widget-container\">\n\t\t\t\t\t<div class=\"elementor-heading-title elementor-size-default\">Kezel\u00e9sek &gt; Fogbe\u00fcltet\u00e9s<\/div>\t\t\t\t<\/div>\n\t\t\t\t<\/div>\n\t\t\t\t\t<\/div>\n\t\t\t\t<\/div>\n\t\t<div class=\"elementor-element elementor-element-ccfa60a e-flex e-con-boxed e-con e-parent\" data-id=\"ccfa60a\" data-element_type=\"container\">\n\t\t\t\t\t<div class=\"e-con-inner\">\n\t\t\t\t<div class=\"elementor-element elementor-element-3f948d5 elementor-widget__width-inherit elementor-widget elementor-widget-text-editor\" data-id=\"3f948d5\" data-element_type=\"widget\" data-widget_type=\"text-editor.default\">\n\t\t\t\t<div class=\"elementor-widget-container\">\n\t\t\t\t\t\t\t\t\t<p><strong>What do I need to know about dental implants?<\/strong><\/p>\t\t\t\t\t\t\t\t<\/div>\n\t\t\t\t<\/div>\n\t\t\t\t<div class=\"elementor-element elementor-element-bb33b14 elementor-widget__width-initial elementor-widget-mobile__width-inherit elementor-widget elementor-widget-image\" data-id=\"bb33b14\" data-element_type=\"widget\" data-widget_type=\"image.default\">\n\t\t\t\t<div class=\"elementor-widget-container\">\n\t\t\t\t\t\t\t\t\t\t\t\t\t\t\t<img fetchpriority=\"high\" decoding=\"async\" width=\"800\" height=\"528\" src=\"https:\/\/raday32.coredesign.hu\/wp-content\/uploads\/2026\/01\/implant3.jpg\" class=\"attachment-large size-large wp-image-812\" alt=\"\" srcset=\"https:\/\/raday32.coredesign.hu\/wp-content\/uploads\/2026\/01\/implant3.jpg 1000w, https:\/\/raday32.coredesign.hu\/wp-content\/uploads\/2026\/01\/implant3-300x198.jpg 300w, https:\/\/raday32.coredesign.hu\/wp-content\/uploads\/2026\/01\/implant3-768x507.jpg 768w\" sizes=\"(max-width: 800px) 100vw, 800px\" \/>\t\t\t\t\t\t\t\t\t\t\t\t\t\t\t<\/div>\n\t\t\t\t<\/div>\n\t\t\t\t<div class=\"elementor-element elementor-element-1990a4f elementor-widget__width-initial elementor-widget-tablet__width-inherit elementor-widget elementor-widget-text-editor\" data-id=\"1990a4f\" data-element_type=\"widget\" data-widget_type=\"text-editor.default\">\n\t\t\t\t<div class=\"elementor-widget-container\">\n\t\t\t\t\t\t\t\t\t<p>Implantation has become a routine procedure in innovative dental practices. A modern and safe therapeutic method for replacing one or more missing teeth. The procedure is performed under local anaesthesia, so you will not feel any pain during the treatment. For most patients, worries and fears disappear during and after the procedure.<\/p><p><strong>When is tooth implantation recommended?<\/strong><\/p><ul><li>If you have partial edentulism (toothlessness) and want a fixed dental prosthesis, but this is not feasible due to the lack of properly located and strong tooth abutment<\/li><li>If you have a partial edentulism (toothlessness), a fixed-bridge prosthesis would be feasible, but you do not want to have your healthy teeth ground down<\/li><li>If you have a removable denture but cannot get used to it and want a fixed dental prosthesis<\/li><li>If you have a complete edentulism and cannot use your denture, or simply want a more stable solution so you can eat and smile with confidence again<\/li><\/ul><div id=\"lt-accessibility-devtools\" aria-hidden=\"true\">\u00a0<\/div>\t\t\t\t\t\t\t\t<\/div>\n\t\t\t\t<\/div>\n\t\t\t\t<div class=\"elementor-element elementor-element-ac73be9 elementor-widget__width-inherit elementor-widget elementor-widget-text-editor\" data-id=\"ac73be9\" data-element_type=\"widget\" data-widget_type=\"text-editor.default\">\n\t\t\t\t<div class=\"elementor-widget-container\">\n\t\t\t\t\t\t\t\t\t<p><strong>Step-by-step procedure for tooth implantation<\/strong><\/p><p><strong>1.<\/strong>\u00a0The first step is a free consultation with our internationally experienced oral surgeon-implantologist, who will examine you, perform the necessary diagnostic imaging tests and prepare a treatment plan with a written quotation.<\/p><p><strong>2.\u00a0<\/strong>It is very important that your tooth structure and the tissues that support your teeth are healthy for a successful implant procedure, because without this, the 99.5% implant success rate is reduced. Therefore, all other necessary treatments should be carried out before implantation.<\/p><p>These interventions are:<\/p><ul><li>Dental scalings<\/li><li>Treatment of periodontal diseases<\/li><li>Caries treatment<\/li><li>Removal of unsalvageable teeth, dental roots<\/li><\/ul><p><strong>3.\u00a0<\/strong>The implant can then be inserted under sterile conditions under local anaesthesia. The duration of the implantation depends on the number of implants and any additional bone replacement procedures. However, on average, it can be said that it normally takes no more than 45-60 minutes to place a single implant into the bone. At the end of the procedure, the surgical wound is closed with sutures, which are removed a week later at the follow-up examination.<\/p><div id=\"lt-accessibility-devtools\" aria-hidden=\"true\">\u00a0<\/div>\t\t\t\t\t\t\t\t<\/div>\n\t\t\t\t<\/div>\n\t\t\t\t<div class=\"elementor-element elementor-element-a4d6531 elementor-widget__width-initial elementor-widget-tablet__width-inherit elementor-widget elementor-widget-text-editor\" data-id=\"a4d6531\" data-element_type=\"widget\" data-widget_type=\"text-editor.default\">\n\t\t\t\t<div class=\"elementor-widget-container\">\n\t\t\t\t\t\t\t\t\t<p><strong>4.\u00a0<\/strong>This is followed by a recovery phase, which lasts on average 3 months. During this time, the correct contact between the artificial dental root and the bone is formed (osseointegration) and the implant becomes load bearing. If your edentulism is in a visible area, we can provide a temporary dental prosthesis for this period to reduce discomfort.<\/p><p><strong>5.<\/strong>\u00a0After the healing period, a control X-ray is taken to check the integration of the artificial dental root and the absence of inflammation.<\/p><p><strong>6.<\/strong>\u00a0After healing, the impression elements are inserted into the implants and the preparation of the dental prosthesis can begin.<\/p><div id=\"lt-accessibility-devtools\" aria-hidden=\"true\">\u00a0<\/div>\t\t\t\t\t\t\t\t<\/div>\n\t\t\t\t<\/div>\n\t\t\t\t<div class=\"elementor-element elementor-element-578daf1 elementor-widget__width-initial elementor-widget-mobile__width-inherit elementor-widget elementor-widget-image\" data-id=\"578daf1\" data-element_type=\"widget\" data-widget_type=\"image.default\">\n\t\t\t\t<div class=\"elementor-widget-container\">\n\t\t\t\t\t\t\t\t\t\t\t\t\t\t\t<img decoding=\"async\" width=\"800\" height=\"532\" src=\"https:\/\/raday32.coredesign.hu\/wp-content\/uploads\/2026\/01\/implant4.jpg\" class=\"attachment-large size-large wp-image-813\" alt=\"\" srcset=\"https:\/\/raday32.coredesign.hu\/wp-content\/uploads\/2026\/01\/implant4.jpg 1000w, https:\/\/raday32.coredesign.hu\/wp-content\/uploads\/2026\/01\/implant4-300x200.jpg 300w, https:\/\/raday32.coredesign.hu\/wp-content\/uploads\/2026\/01\/implant4-768x511.jpg 768w\" sizes=\"(max-width: 800px) 100vw, 800px\" \/>\t\t\t\t\t\t\t\t\t\t\t\t\t\t\t<\/div>\n\t\t\t\t<\/div>\n\t\t\t\t<div class=\"elementor-element elementor-element-258ab62 elementor-widget__width-inherit elementor-widget elementor-widget-text-editor\" data-id=\"258ab62\" data-element_type=\"widget\" data-widget_type=\"text-editor.default\">\n\t\t\t\t<div class=\"elementor-widget-container\">\n\t\t\t\t\t\t\t\t\t<p><strong>Dental bone graft<\/strong><br \/>The implant can only be placed in a bone of the right quantity and quality. If these conditions are not met, you may need dental bone graft procedures, which your doctor will advise you about in detail.<\/p>\t\t\t\t\t\t\t\t<\/div>\n\t\t\t\t<\/div>\n\t\t\t\t<div class=\"elementor-element elementor-element-3529b1d elementor-widget elementor-widget-gallery\" data-id=\"3529b1d\" data-element_type=\"widget\" data-settings=\"{&quot;gap&quot;:{&quot;unit&quot;:&quot;px&quot;,&quot;size&quot;:0,&quot;sizes&quot;:[]},&quot;gap_tablet&quot;:{&quot;unit&quot;:&quot;px&quot;,&quot;size&quot;:0,&quot;sizes&quot;:[]},&quot;gap_mobile&quot;:{&quot;unit&quot;:&quot;px&quot;,&quot;size&quot;:0,&quot;sizes&quot;:[]},&quot;lazyload&quot;:&quot;yes&quot;,&quot;gallery_layout&quot;:&quot;grid&quot;,&quot;columns&quot;:4,&quot;columns_tablet&quot;:2,&quot;columns_mobile&quot;:1,&quot;link_to&quot;:&quot;file&quot;,&quot;aspect_ratio&quot;:&quot;3:2&quot;,&quot;overlay_background&quot;:&quot;yes&quot;,&quot;content_hover_animation&quot;:&quot;fade-in&quot;}\" data-widget_type=\"gallery.default\">\n\t\t\t\t<div class=\"elementor-widget-container\">\n\t\t\t\t\t\t\t<div class=\"elementor-gallery__container\">\n\t\t\t\t\t\t\t<a class=\"e-gallery-item elementor-gallery-item elementor-animated-content\" href=\"https:\/\/raday32.coredesign.hu\/wp-content\/uploads\/2026\/01\/gallery15.jpg\" data-elementor-open-lightbox=\"yes\" data-elementor-lightbox-slideshow=\"3529b1d\" data-elementor-lightbox-title=\"gallery15\" data-e-action-hash=\"#elementor-action%3Aaction%3Dlightbox%26settings%3DeyJpZCI6ODE1LCJ1cmwiOiJodHRwczpcL1wvcmFkYXkzMi5jb3JlZGVzaWduLmh1XC93cC1jb250ZW50XC91cGxvYWRzXC8yMDI2XC8wMVwvZ2FsbGVyeTE1LmpwZyIsInNsaWRlc2hvdyI6IjM1MjliMWQifQ%3D%3D\">\n\t\t\t\t\t<div class=\"e-gallery-image elementor-gallery-item__image\" data-thumbnail=\"https:\/\/raday32.coredesign.hu\/wp-content\/uploads\/2026\/01\/gallery15-300x200.jpg\" data-width=\"300\" data-height=\"200\" aria-label=\"\" role=\"img\" ><\/div>\n\t\t\t\t\t\t\t\t\t\t\t<div class=\"elementor-gallery-item__overlay\"><\/div>\n\t\t\t\t\t\t\t\t\t\t\t\t\t\t<\/a>\n\t\t\t\t\t\t\t<a class=\"e-gallery-item elementor-gallery-item elementor-animated-content\" href=\"https:\/\/raday32.coredesign.hu\/wp-content\/uploads\/2026\/01\/gallery16.jpg\" data-elementor-open-lightbox=\"yes\" data-elementor-lightbox-slideshow=\"3529b1d\" data-elementor-lightbox-title=\"gallery16\" data-e-action-hash=\"#elementor-action%3Aaction%3Dlightbox%26settings%3DeyJpZCI6ODE0LCJ1cmwiOiJodHRwczpcL1wvcmFkYXkzMi5jb3JlZGVzaWduLmh1XC93cC1jb250ZW50XC91cGxvYWRzXC8yMDI2XC8wMVwvZ2FsbGVyeTE2LmpwZyIsInNsaWRlc2hvdyI6IjM1MjliMWQifQ%3D%3D\">\n\t\t\t\t\t<div class=\"e-gallery-image elementor-gallery-item__image\" data-thumbnail=\"https:\/\/raday32.coredesign.hu\/wp-content\/uploads\/2026\/01\/gallery16-300x230.jpg\" data-width=\"300\" data-height=\"230\" aria-label=\"\" role=\"img\" ><\/div>\n\t\t\t\t\t\t\t\t\t\t\t<div class=\"elementor-gallery-item__overlay\"><\/div>\n\t\t\t\t\t\t\t\t\t\t\t\t\t\t<\/a>\n\t\t\t\t\t\t\t<a class=\"e-gallery-item elementor-gallery-item elementor-animated-content\" href=\"https:\/\/raday32.coredesign.hu\/wp-content\/uploads\/2026\/01\/gallery18.jpg\" data-elementor-open-lightbox=\"yes\" data-elementor-lightbox-slideshow=\"3529b1d\" data-elementor-lightbox-title=\"gallery18\" data-e-action-hash=\"#elementor-action%3Aaction%3Dlightbox%26settings%3DeyJpZCI6ODE2LCJ1cmwiOiJodHRwczpcL1wvcmFkYXkzMi5jb3JlZGVzaWduLmh1XC93cC1jb250ZW50XC91cGxvYWRzXC8yMDI2XC8wMVwvZ2FsbGVyeTE4LmpwZyIsInNsaWRlc2hvdyI6IjM1MjliMWQifQ%3D%3D\">\n\t\t\t\t\t<div class=\"e-gallery-image elementor-gallery-item__image\" data-thumbnail=\"https:\/\/raday32.coredesign.hu\/wp-content\/uploads\/2026\/01\/gallery18-300x190.jpg\" data-width=\"300\" data-height=\"190\" aria-label=\"\" role=\"img\" ><\/div>\n\t\t\t\t\t\t\t\t\t\t\t<div class=\"elementor-gallery-item__overlay\"><\/div>\n\t\t\t\t\t\t\t\t\t\t\t\t\t\t<\/a>\n\t\t\t\t\t\t\t<a class=\"e-gallery-item elementor-gallery-item elementor-animated-content\" href=\"https:\/\/raday32.coredesign.hu\/wp-content\/uploads\/2026\/01\/gallery17.jpg\" data-elementor-open-lightbox=\"yes\" data-elementor-lightbox-slideshow=\"3529b1d\" data-elementor-lightbox-title=\"gallery17\" data-e-action-hash=\"#elementor-action%3Aaction%3Dlightbox%26settings%3DeyJpZCI6ODE3LCJ1cmwiOiJodHRwczpcL1wvcmFkYXkzMi5jb3JlZGVzaWduLmh1XC93cC1jb250ZW50XC91cGxvYWRzXC8yMDI2XC8wMVwvZ2FsbGVyeTE3LmpwZyIsInNsaWRlc2hvdyI6IjM1MjliMWQifQ%3D%3D\">\n\t\t\t\t\t<div class=\"e-gallery-image elementor-gallery-item__image\" data-thumbnail=\"https:\/\/raday32.coredesign.hu\/wp-content\/uploads\/2026\/01\/gallery17-300x210.jpg\" data-width=\"300\" data-height=\"210\" aria-label=\"\" role=\"img\" ><\/div>\n\t\t\t\t\t\t\t\t\t\t\t<div class=\"elementor-gallery-item__overlay\"><\/div>\n\t\t\t\t\t\t\t\t\t\t\t\t\t\t<\/a>\n\t\t\t\t\t<\/div>\n\t\t\t\t\t<\/div>\n\t\t\t\t<\/div>\n\t\t\t\t\t<\/div>\n\t\t\t\t<\/div>\n\t\t\t\t<\/div>","protected":false},"excerpt":{"rendered":"<p>Fogbe\u00fcltet\u00e9s &#8211; implantol\u00f3gia Mit kell tudni a fogbe\u00fclet\u00e9sr\u0151l? Az implant\u00e1ci\u00f3 napjainkra m\u00e1r rutin beavatkoz\u00e1ss\u00e1 v\u00e1lt az innovat\u00edv fog\u00e1szati rendel\u0151k \u00e9let\u00e9ben. Egy vagy t\u00f6bb hi\u00e1nyz\u00f3 fog p\u00f3tl\u00e1s\u00e1ra egy modern \u00e9s biztons\u00e1gos ter\u00e1pi\u00e1s m\u00f3dszer. A beavatkoz\u00e1s helyi \u00e9rz\u00e9stelen\u00edt\u00e9sben t\u00f6rt\u00e9nik, \u00edgy \u00d6n a kezel\u00e9s alatt semmi f\u00e1jdalmat nem \u00e9rez. A p\u00e1ciensek d\u00f6nt\u0151 t\u00f6bbs\u00e9g\u00e9nek aggodalmai , f\u00e9lelmei szertefoszlanak a [&hellip;]<\/p>","protected":false},"author":1,"featured_media":0,"parent":30,"menu_order":0,"comment_status":"closed","ping_status":"closed","template":"","meta":{"footnotes":""},"class_list":["post-808","page","type-page","status-publish","hentry"],"_links":{"self":[{"href":"https:\/\/raday32.coredesign.hu\/en\/wp-json\/wp\/v2\/pages\/808","targetHints":{"allow":["GET"]}}],"collection":[{"href":"https:\/\/raday32.coredesign.hu\/en\/wp-json\/wp\/v2\/pages"}],"about":[{"href":"https:\/\/raday32.coredesign.hu\/en\/wp-json\/wp\/v2\/types\/page"}],"author":[{"embeddable":true,"href":"https:\/\/raday32.coredesign.hu\/en\/wp-json\/wp\/v2\/users\/1"}],"replies":[{"embeddable":true,"href":"https:\/\/raday32.coredesign.hu\/en\/wp-json\/wp\/v2\/comments?post=808"}],"version-history":[{"count":14,"href":"https:\/\/raday32.coredesign.hu\/en\/wp-json\/wp\/v2\/pages\/808\/revisions"}],"predecessor-version":[{"id":941,"href":"https:\/\/raday32.coredesign.hu\/en\/wp-json\/wp\/v2\/pages\/808\/revisions\/941"}],"up":[{"embeddable":true,"href":"https:\/\/raday32.coredesign.hu\/en\/wp-json\/wp\/v2\/pages\/30"}],"wp:attachment":[{"href":"https:\/\/raday32.coredesign.hu\/en\/wp-json\/wp\/v2\/media?parent=808"}],"curies":[{"name":"wp","href":"https:\/\/api.w.org\/{rel}","templated":true}]}}